{"id":23,"date":"2026-01-27T17:52:04","date_gmt":"2026-01-27T16:52:04","guid":{"rendered":"https:\/\/vigivespa.be\/?page_id=23"},"modified":"2026-01-28T17:28:53","modified_gmt":"2026-01-28T16:28:53","slug":"accueil","status":"publish","type":"page","link":"https:\/\/vigivespa.be\/index.php\/accueil\/","title":{"rendered":"Accueil"},"content":{"rendered":"<div class=\"et_pb_section_0 et_pb_section et_section_regular et_flex_section\">\n<div class=\"et_pb_row_0 et_pb_row et_flex_row\">\n<div class=\"et_pb_column_0 et_pb_column et-last-child et_flex_column et_pb_css_mix_blend_mode_passthrough et_flex_column_24_24 et_flex_column_24_24_tablet et_flex_column_24_24_phone\">\n<div class=\"et_pb_cta_0 et_pb_promo et_pb_bg_layout_dark et_pb_module et_flex_module\"><div class=\"et_pb_promo_description\"><h2 class=\"et_pb_module_header\">Devenez membre maintenant !<\/h2><\/div><div class=\"et_pb_button_wrapper\"><a class=\"et_pb_button et_pb_promo_button\" href=\"http:\/\/page%20inscription\">Je veux agir !<\/a><\/div><\/div>\n<\/div>\n<\/div>\n\n<div class=\"et_pb_row_1 et_pb_row et_flex_row\">\n<div class=\"et_pb_column_1 et_pb_column et-last-child et_flex_column et_pb_css_mix_blend_mode_passthrough et_flex_column_18_24 et_flex_column_18_24_tablet et_flex_column_24_24_phone\">\n<div class=\"et_pb_text_0 et_pb_text et_pb_bg_layout_light et_pb_module et_flex_module\"><div class=\"et_pb_text_inner\"><h2 data-start=\"134\" data-end=\"185\">Le frelon asiatique : comprendre pour mieux agir<\/h2>\n<h3 data-start=\"187\" data-end=\"226\">Qu\u2019est-ce que le frelon asiatique ?<\/h3>\n<p data-start=\"227\" data-end=\"472\">Le <strong data-start=\"230\" data-end=\"250\">frelon asiatique<\/strong>, aussi appel\u00e9 <strong data-start=\"265\" data-end=\"283\">Vespa velutina<\/strong>, est un insecte originaire d\u2019Asie. Il ressemble au frelon europ\u00e9en, mais il est g\u00e9n\u00e9ralement <strong data-start=\"377\" data-end=\"392\">plus sombre<\/strong>, avec un <strong data-start=\"402\" data-end=\"418\">abdomen noir<\/strong>, une <strong data-start=\"424\" data-end=\"446\">fine bande orang\u00e9e<\/strong> et des <strong data-start=\"454\" data-end=\"471\">pattes jaunes<\/strong>.<\/p>\n<p data-start=\"474\" data-end=\"604\">Ce frelon n\u2019est pas agressif par nature, mais il peut devenir dangereux <strong data-start=\"546\" data-end=\"569\">s\u2019il se sent menac\u00e9<\/strong>, notamment \u00e0 proximit\u00e9 de son nid.<\/p>\n<hr data-start=\"606\" data-end=\"609\" \/>\n<h3 data-start=\"611\" data-end=\"660\">Une esp\u00e8ce arriv\u00e9e accidentellement en Europe<\/h3>\n<p data-start=\"661\" data-end=\"907\">Le frelon asiatique est arriv\u00e9 en <strong data-start=\"695\" data-end=\"730\">Europe au d\u00e9but des ann\u00e9es 2000<\/strong>, probablement par accident lors de transports de marchandises.<br data-start=\"793\" data-end=\"796\" \/>Depuis, il s\u2019est <strong data-start=\"813\" data-end=\"835\">rapidement propag\u00e9<\/strong> dans de nombreux pays, dont la France, la Belgique et les pays voisins.<\/p>\n<p data-start=\"909\" data-end=\"1000\">N\u2019ayant <strong data-start=\"917\" data-end=\"955\">pas de pr\u00e9dateur naturel suffisant<\/strong> chez nous, sa population augmente tr\u00e8s vite.<\/p>\n<hr data-start=\"1002\" data-end=\"1005\" \/>\n<h3 data-start=\"1007\" data-end=\"1043\">Pourquoi pose-t-il un probl\u00e8me ?<\/h3>\n<p data-start=\"1044\" data-end=\"1167\">Le frelon asiatique est aujourd\u2019hui consid\u00e9r\u00e9 comme une <strong data-start=\"1100\" data-end=\"1119\">esp\u00e8ce invasive<\/strong>, car il perturbe fortement l\u2019\u00e9quilibre naturel.<\/p>\n<p data-start=\"1169\" data-end=\"1198\">Ses principaux impacts sont :<\/p>\n<h4 data-start=\"1200\" data-end=\"1236\">\ud83d\udc1d Une menace pour les abeilles<\/h4>\n<p data-start=\"1237\" data-end=\"1364\">Le frelon asiatique se nourrit en grande partie d\u2019<strong data-start=\"1287\" data-end=\"1323\">abeilles domestiques et sauvages<\/strong>.<br data-start=\"1324\" data-end=\"1327\" \/>Il chasse devant les ruches, ce qui :<\/p>\n<ul data-start=\"1365\" data-end=\"1463\">\n<li data-start=\"1365\" data-end=\"1389\">\n<p data-start=\"1367\" data-end=\"1389\">affaiblit les colonies<\/p>\n<\/li>\n<li data-start=\"1390\" data-end=\"1415\">\n<p data-start=\"1392\" data-end=\"1415\">r\u00e9duit la pollinisation<\/p>\n<\/li>\n<li data-start=\"1416\" data-end=\"1463\">\n<p data-start=\"1418\" data-end=\"1463\">met en danger l\u2019apiculture et la biodiversit\u00e9<\/p>\n<\/li>\n<\/ul>\n<h4 data-start=\"1465\" data-end=\"1502\">\ud83c\udf3c Un impact sur la biodiversit\u00e9<\/h4>\n<p data-start=\"1503\" data-end=\"1680\">En s\u2019attaquant \u00e0 de nombreux insectes pollinisateurs, le frelon asiatique contribue \u00e0 la <strong data-start=\"1592\" data-end=\"1618\">diminution des esp\u00e8ces<\/strong>, ce qui affecte les plantes, les cultures et les \u00e9cosyst\u00e8mes.<\/p>\n<h4 data-start=\"1682\" data-end=\"1718\">\u26a0\ufe0f Un risque pour l\u2019\u00eatre humain<\/h4>\n<p data-start=\"1719\" data-end=\"1778\">Les piq\u00fbres sont rares, mais peuvent \u00eatre <strong data-start=\"1761\" data-end=\"1776\">dangereuses<\/strong> :<\/p>\n<ul data-start=\"1779\" data-end=\"1903\">\n<li data-start=\"1779\" data-end=\"1808\">\n<p data-start=\"1781\" data-end=\"1808\">en cas de piq\u00fbres multiples<\/p>\n<\/li>\n<li data-start=\"1809\" data-end=\"1841\">\n<p data-start=\"1811\" data-end=\"1841\">chez les personnes allergiques<\/p>\n<\/li>\n<li data-start=\"1842\" data-end=\"1903\">\n<p data-start=\"1844\" data-end=\"1903\">lors d\u2019une perturbation d\u2019un nid (souvent plac\u00e9 en hauteur)<\/p>\n<\/li>\n<\/ul>\n<hr data-start=\"1905\" data-end=\"1908\" \/>\n<h3 data-start=\"1910\" data-end=\"1938\">Pourquoi agir ensemble ?<\/h3>\n<p data-start=\"1939\" data-end=\"2068\">Lutter contre le frelon asiatique est un <strong data-start=\"1980\" data-end=\"1999\">enjeu collectif<\/strong>.<br data-start=\"2000\" data-end=\"2003\" \/>Aucune action isol\u00e9e ne suffit, mais <strong data-start=\"2040\" data-end=\"2052\">ensemble<\/strong>, nous pouvons :<\/p>\n<ul data-start=\"2069\" data-end=\"2197\">\n<li data-start=\"2069\" data-end=\"2102\">\n<p data-start=\"2071\" data-end=\"2102\">surveiller et signaler les nids<\/p>\n<\/li>\n<li data-start=\"2103\" data-end=\"2123\">\n<p data-start=\"2105\" data-end=\"2123\">informer le public<\/p>\n<\/li>\n<li data-start=\"2124\" data-end=\"2160\">\n<p data-start=\"2126\" data-end=\"2160\">prot\u00e9ger les abeilles et la nature<\/p>\n<\/li>\n<li data-start=\"2161\" data-end=\"2197\">\n<p data-start=\"2163\" data-end=\"2197\">limiter la propagation de l\u2019esp\u00e8ce<\/p>\n<\/li>\n<\/ul>\n<hr data-start=\"2199\" data-end=\"2202\" \/>\n<h3 data-start=\"2204\" data-end=\"2236\">Le r\u00f4le de notre association<\/h3>\n<p data-start=\"2237\" data-end=\"2266\">Notre association agit pour :<\/p>\n<ul data-start=\"2267\" data-end=\"2442\">\n<li data-start=\"2267\" data-end=\"2301\">\n<p data-start=\"2269\" data-end=\"2301\"><strong data-start=\"2269\" data-end=\"2285\">sensibiliser<\/strong> le grand public<\/p>\n<\/li>\n<li data-start=\"2302\" data-end=\"2352\">\n<p data-start=\"2304\" data-end=\"2352\"><strong data-start=\"2304\" data-end=\"2332\">aider \u00e0 l\u2019identification<\/strong> du frelon asiatique<\/p>\n<\/li>\n<li data-start=\"2353\" data-end=\"2389\">\n<p data-start=\"2355\" data-end=\"2389\"><strong data-start=\"2355\" data-end=\"2389\">coordonner la vigilance locale<\/strong><\/p>\n<\/li>\n<li data-start=\"2390\" data-end=\"2442\">\n<p data-start=\"2392\" data-end=\"2442\"><strong data-start=\"2392\" data-end=\"2420\">prot\u00e9ger la biodiversit\u00e9<\/strong> et les pollinisateurs<\/p>\n<\/li>\n<\/ul>\n<p data-start=\"2444\" data-end=\"2484\">\ud83d\udc49 Chacun peut agir, m\u00eame \u00e0 son \u00e9chelle.<\/p>\n<hr data-start=\"2486\" data-end=\"2489\" \/>\n<h3 data-start=\"2491\" data-end=\"2514\">Un message d\u2019espoir<\/h3>\n<p data-start=\"2515\" data-end=\"2733\">Le frelon asiatique est un d\u00e9fi, mais <strong data-start=\"2553\" data-end=\"2583\">la mobilisation fonctionne<\/strong>.<br data-start=\"2584\" data-end=\"2587\" \/>Gr\u00e2ce \u00e0 l\u2019information, \u00e0 la vigilance et \u00e0 l\u2019action collective, il est possible de <strong data-start=\"2670\" data-end=\"2692\">r\u00e9duire son impact<\/strong> et de <strong data-start=\"2699\" data-end=\"2732\">pr\u00e9server notre environnement<\/strong>.<\/p>\n<p data-start=\"2735\" data-end=\"2776\"><strong data-start=\"2735\" data-end=\"2776\">Ensemble, prot\u00e9geons la biodiversit\u00e9.<\/strong><\/p>\n<\/div><\/div>\n<\/div>\n<\/div>\n<\/div>","protected":false},"excerpt":{"rendered":"","protected":false},"author":1,"featured_media":0,"parent":0,"menu_order":0,"comment_status":"closed","ping_status":"closed","template":"","meta":{"footnotes":""},"class_list":["post-23","page","type-page","status-publish","hentry"],"_links":{"self":[{"href":"https:\/\/vigivespa.be\/index.php\/wp-json\/wp\/v2\/pages\/23","targetHints":{"allow":["GET"]}}],"collection":[{"href":"https:\/\/vigivespa.be\/index.php\/wp-json\/wp\/v2\/pages"}],"about":[{"href":"https:\/\/vigivespa.be\/index.php\/wp-json\/wp\/v2\/types\/page"}],"author":[{"embeddable":true,"href":"https:\/\/vigivespa.be\/index.php\/wp-json\/wp\/v2\/users\/1"}],"replies":[{"embeddable":true,"href":"https:\/\/vigivespa.be\/index.php\/wp-json\/wp\/v2\/comments?post=23"}],"version-history":[{"count":10,"href":"https:\/\/vigivespa.be\/index.php\/wp-json\/wp\/v2\/pages\/23\/revisions"}],"predecessor-version":[{"id":139,"href":"https:\/\/vigivespa.be\/index.php\/wp-json\/wp\/v2\/pages\/23\/revisions\/139"}],"wp:attachment":[{"href":"https:\/\/vigivespa.be\/index.php\/wp-json\/wp\/v2\/media?parent=23"}],"curies":[{"name":"wp","href":"https:\/\/api.w.org\/{rel}","templated":true}]}}