{"id":132,"date":"2026-01-28T17:23:04","date_gmt":"2026-01-28T16:23:04","guid":{"rendered":"https:\/\/vigivespa.be\/?page_id=132"},"modified":"2026-01-28T17:26:32","modified_gmt":"2026-01-28T16:26:32","slug":"nos-actions-de-terrain","status":"publish","type":"page","link":"https:\/\/vigivespa.be\/index.php\/nos-actions-de-terrain\/","title":{"rendered":"Nos actions de terrain"},"content":{"rendered":"<div class=\"et_pb_section_0 et_pb_section et_section_regular et_flex_section\">\n<div class=\"et_pb_row_0 et_pb_row et_flex_row\">\n<div class=\"et_pb_column_0 et_pb_column et-last-child et_flex_column et_pb_css_mix_blend_mode_passthrough et_flex_column_24_24 et_flex_column_24_24_tablet et_flex_column_24_24_phone\">\n<div class=\"et_pb_text_0 et_pb_text et_pb_bg_layout_light et_pb_module et_flex_module\"><div class=\"et_pb_text_inner\"><h2 data-start=\"167\" data-end=\"196\">Nos actions sur le terrain<\/h2>\n<p data-start=\"198\" data-end=\"451\"><strong data-start=\"198\" data-end=\"239\"><span class=\"hover:entity-accent entity-underline inline cursor-pointer align-baseline\"><span class=\"whitespace-normal\">Vigi Vespa Velutina<\/span><\/span><\/strong> agit de mani\u00e8re <strong data-start=\"256\" data-end=\"295\">concr\u00e8te, coordonn\u00e9e et responsable<\/strong> pour lutter contre la prolif\u00e9ration du frelon asiatique (<em data-start=\"353\" data-end=\"369\">Vespa velutina<\/em>) et limiter son impact sur la biodiversit\u00e9, l\u2019apiculture et la s\u00e9curit\u00e9 publique.<\/p>\n<h3 data-start=\"453\" data-end=\"487\">\ud83d\udd0d Surveillance et signalement<\/h3>\n<p data-start=\"488\" data-end=\"729\">Nous assurons une <strong data-start=\"506\" data-end=\"523\">veille active<\/strong> du territoire gr\u00e2ce \u00e0 la collecte, la v\u00e9rification et la centralisation des signalements de frelons et de nids. Cette surveillance permet une <strong data-start=\"666\" data-end=\"695\">r\u00e9action rapide et cibl\u00e9e<\/strong>, en lien avec les acteurs locaux.<\/p>\n<h3 data-start=\"731\" data-end=\"767\">\ud83d\udc1d Protection des pollinisateurs<\/h3>\n<p data-start=\"768\" data-end=\"993\">Le frelon asiatique repr\u00e9sente une menace majeure pour les abeilles. Nos actions visent \u00e0 <strong data-start=\"858\" data-end=\"897\">r\u00e9duire la pression sur les ruchers<\/strong>, \u00e0 soutenir les apiculteurs et \u00e0 pr\u00e9server les pollinisateurs indispensables \u00e0 nos \u00e9cosyst\u00e8mes.<\/p>\n<h3 data-start=\"995\" data-end=\"1027\">\ud83d\udee0\ufe0f Interventions raisonn\u00e9es<\/h3>\n<p data-start=\"1028\" data-end=\"1249\">Nous participons \u00e0 l\u2019organisation et \u00e0 la coordination d\u2019<strong data-start=\"1085\" data-end=\"1111\">interventions adapt\u00e9es<\/strong>, en privil\u00e9giant des m\u00e9thodes efficaces, s\u00e9curis\u00e9es et respectueuses de l\u2019environnement gr\u00e2ce \u00e0 nos membres b\u00e9n\u00e9voles et form\u00e9s \u00e0 la localisation et la destruction de nids.<\/p>\n<h3 data-start=\"1251\" data-end=\"1288\">\ud83d\udce2 Sensibilisation et information<\/h3>\n<p data-start=\"1289\" data-end=\"1533\">Informer est une priorit\u00e9. Nous menons des actions de <strong data-start=\"1343\" data-end=\"1372\">sensibilisation du public<\/strong>, diffusons des informations fiables et encourageons les bons comportements face au frelon asiatique, afin d\u2019\u00e9viter les interventions dangereuses ou inefficaces.<\/p>\n<h3 data-start=\"1535\" data-end=\"1559\">\ud83e\udd1d Travail en r\u00e9seau<\/h3>\n<p data-start=\"1560\" data-end=\"1740\">Nous collaborons avec <strong data-start=\"1582\" data-end=\"1658\">citoyens, apiculteurs, communes, services publics et autres associations<\/strong> pour renforcer l\u2019efficacit\u00e9 de la lutte et partager les connaissances de terrain.<\/p>\n<hr data-start=\"1742\" data-end=\"1745\" \/>\n<p data-start=\"1747\" data-end=\"1931\">\ud83d\udc49 <strong data-start=\"1750\" data-end=\"1824\">Agir contre le frelon asiatique n\u00e9cessite une mobilisation collective.<\/strong><br data-start=\"1824\" data-end=\"1827\" \/>En soutenant Vigi Vespa Velutina, vous contribuez directement \u00e0 des actions utiles, locales et durables.<\/p>\n<\/div><\/div>\n<\/div>\n<\/div>\n<\/div>","protected":false},"excerpt":{"rendered":"","protected":false},"author":1,"featured_media":0,"parent":0,"menu_order":0,"comment_status":"closed","ping_status":"closed","template":"","meta":{"footnotes":""},"class_list":["post-132","page","type-page","status-publish","hentry"],"_links":{"self":[{"href":"https:\/\/vigivespa.be\/index.php\/wp-json\/wp\/v2\/pages\/132","targetHints":{"allow":["GET"]}}],"collection":[{"href":"https:\/\/vigivespa.be\/index.php\/wp-json\/wp\/v2\/pages"}],"about":[{"href":"https:\/\/vigivespa.be\/index.php\/wp-json\/wp\/v2\/types\/page"}],"author":[{"embeddable":true,"href":"https:\/\/vigivespa.be\/index.php\/wp-json\/wp\/v2\/users\/1"}],"replies":[{"embeddable":true,"href":"https:\/\/vigivespa.be\/index.php\/wp-json\/wp\/v2\/comments?post=132"}],"version-history":[{"count":6,"href":"https:\/\/vigivespa.be\/index.php\/wp-json\/wp\/v2\/pages\/132\/revisions"}],"predecessor-version":[{"id":138,"href":"https:\/\/vigivespa.be\/index.php\/wp-json\/wp\/v2\/pages\/132\/revisions\/138"}],"wp:attachment":[{"href":"https:\/\/vigivespa.be\/index.php\/wp-json\/wp\/v2\/media?parent=132"}],"curies":[{"name":"wp","href":"https:\/\/api.w.org\/{rel}","templated":true}]}}